{"id":11172,"date":"2024-02-28T17:57:49","date_gmt":"2024-02-28T20:57:49","guid":{"rendered":"https:\/\/fbispo.com.br\/work-with-us\/"},"modified":"2024-06-26T16:19:37","modified_gmt":"2024-06-26T19:19:37","slug":"work-with-us","status":"publish","type":"page","link":"https:\/\/fbispo.com.br\/en\/work-with-us\/","title":{"rendered":"Work with us"},"content":{"rendered":"\t\t<div data-elementor-type=\"wp-page\" data-elementor-id=\"11172\" class=\"elementor elementor-11172 elementor-10874\" data-elementor-post-type=\"page\">\n\t\t\t\t<div class=\"elementor-element elementor-element-ebe1dae e-flex e-con-boxed e-con e-parent\" data-id=\"ebe1dae\" data-element_type=\"container\">\n\t\t\t\t\t<div class=\"e-con-inner\">\n\t\t\t\t<div class=\"elementor-element elementor-element-64e507e elementor-widget elementor-widget-text-editor\" data-id=\"64e507e\" data-element_type=\"widget\" data-widget_type=\"text-editor.default\">\n\t\t\t\t<div class=\"elementor-widget-container\">\n\t\t\t\t\t\t\t\t\t<p>At FBISPO, we recognize that exceptional talent is the foundation of our success. If you&#8217;re passionate about accounting and looking for exciting opportunities in a collaborative environment, we want to meet you!<\/p>\n<p>Register your curriculum and join our talent pool. We are always looking for dedicated and motivated professionals to join our team. Your exciting journey at FBISPO can start here. We look forward to meeting you and exploring future opportunities together!<\/p>\n\t\t\t\t\t\t\t\t<\/div>\n\t\t\t\t<\/div>\n\t\t\t\t\t<\/div>\n\t\t\t\t<\/div>\n\t\t<div class=\"elementor-element elementor-element-71ab539 e-flex e-con-boxed e-con e-parent\" data-id=\"71ab539\" data-element_type=\"container\">\n\t\t\t\t\t<div class=\"e-con-inner\">\n\t\t\t\t<div class=\"elementor-element elementor-element-a3fda5a elementor-widget elementor-widget-shortcode\" data-id=\"a3fda5a\" data-element_type=\"widget\" data-widget_type=\"shortcode.default\">\n\t\t\t\t<div class=\"elementor-widget-container\">\n\t\t\t\t\t\t\t<div class=\"elementor-shortcode\"><div class=\"forminator-ui forminator-custom-form forminator-custom-form-11200 forminator-design--material  forminator_ajax\" data-forminator-render=\"0\" data-form=\"forminator-module-11200\" data-uid=\"69f50baf4abe2\"><br\/><\/div><form\r\n\t\t\t\tid=\"forminator-module-11200\"\r\n\t\t\t\tclass=\"forminator-ui forminator-custom-form forminator-custom-form-11200 forminator-design--material  forminator_ajax\"\r\n\t\t\t\tmethod=\"post\"\r\n\t\t\t\tdata-forminator-render=\"0\"\r\n\t\t\t\tdata-form-id=\"11200\"\r\n\t\t\t\t\r\n\t\t\t\tdata-design=\"material\"\r\n\t\t\t\t\r\n\t\t\t\t\r\n\t\t\t\t\r\n\t\t\t\tdata-grid=\"open\"\r\n\t\t\t\tenctype=\"multipart\/form-data\"\r\n\t\t\t\t\r\n\t\t\t\tstyle=\"display: none;\"\r\n\t\t\t\t\r\n\t\t\t\tdata-uid=\"69f50baf4abe2\"\r\n\t\t\t><div role=\"alert\" aria-live=\"polite\" class=\"forminator-response-message forminator-error\" aria-hidden=\"true\"><\/div><div class=\"forminator-row\"><div id=\"name-1\" class=\"forminator-field-name forminator-col forminator-col-12 \"><div class=\"forminator-field\"><label for=\"forminator-field-name-1_69f50baf4abe2\" id=\"forminator-field-name-1_69f50baf4abe2-label\" class=\"forminator-label\">Name <span class=\"forminator-required\">*<\/span><\/label><input type=\"text\" name=\"name-1\" value=\"\" placeholder=\"\" id=\"forminator-field-name-1_69f50baf4abe2\" class=\"forminator-input forminator-name--field\" aria-required=\"true\" \/><\/div><\/div><\/div><div class=\"forminator-row\"><div id=\"email-1\" class=\"forminator-field-email forminator-col forminator-col-12 \"><div class=\"forminator-field\"><label for=\"forminator-field-email-1_69f50baf4abe2\" id=\"forminator-field-email-1_69f50baf4abe2-label\" class=\"forminator-label\">Email <span class=\"forminator-required\">*<\/span><\/label><input type=\"email\" name=\"email-1\" value=\"\" placeholder=\"\" id=\"forminator-field-email-1_69f50baf4abe2\" class=\"forminator-input forminator-email--field\" data-required=\"1\" aria-required=\"true\" \/><\/div><\/div><\/div><div class=\"forminator-row\"><div id=\"text-1\" class=\"forminator-field-text forminator-col forminator-col-12 \"><div class=\"forminator-field\"><label for=\"forminator-field-text-1_69f50baf4abe2\" id=\"forminator-field-text-1_69f50baf4abe2-label\" class=\"forminator-label\">Professional goal <span class=\"forminator-required\">*<\/span><\/label><input type=\"text\" name=\"text-1\" value=\"\" placeholder=\"\" id=\"forminator-field-text-1_69f50baf4abe2\" class=\"forminator-input forminator-name--field\" data-required=\"1\" \/><\/div><\/div><\/div><div class=\"forminator-row\"><div id=\"textarea-1\" class=\"forminator-field-textarea forminator-col forminator-col-12 \"><div class=\"forminator-field\"><label for=\"forminator-field-textarea-1_69f50baf4abe2\" id=\"forminator-field-textarea-1_69f50baf4abe2-label\" class=\"forminator-label\">Professional qualifications <span class=\"forminator-required\">*<\/span><\/label><textarea name=\"textarea-1\" placeholder=\"\" id=\"forminator-field-textarea-1_69f50baf4abe2\" class=\"forminator-textarea\" rows=\"6\" style=\"min-height:140px;\" ><\/textarea><\/div><\/div><\/div><div class=\"forminator-row\"><div id=\"upload-1\" class=\"forminator-field-upload forminator-col forminator-col-12 \"><div class=\"forminator-field\"><label for=\"forminator-field-upload-1_69f50baf4abe2\" id=\"forminator-field-upload-1_69f50baf4abe2-label\" class=\"forminator-label\">Attach your resume<\/label><div class=\"forminator-file-upload \" data-element=\"upload-1_69f50baf4abe2\"><input type=\"file\" name=\"upload-1\" id=\"forminator-field-upload-1_69f50baf4abe2\" class=\"forminator-input-file\" accept=\".jpg,.jpeg,.jpe,.gif,.png,.bmp,.tiff,.tif,.webp,.ico,.heic,.asf,.asx,.wmv,.wmx,.wm,.avi,.divx,.flv,.mov,.qt,.mpeg,.mpg,.mpe,.mp4,.m4v,.ogv,.webm,.mkv,.3gp,.3gpp,.3g2,.3gp2,.txt,.asc,.c,.cc,.h,.srt,.csv,.tsv,.ics,.rtx,.vtt,.mp3,.m4a,.m4b,.aac,.ra,.ram,.wav,.ogg,.oga,.flac,.mid,.midi,.wma,.wax,.mka,.rtf,.pdf,.class,.tar,.zip,.gz,.gzip,.7z,.psd,.xcf,.doc,.pot,.pps,.ppt,.wri,.xla,.xls,.xlt,.xlw,.mdb,.mpp,.docx,.docm,.dotx,.dotm,.xlsx,.xlsm,.xlsb,.xltx,.xltm,.xlam,.pptx,.pptm,.ppsx,.ppsm,.potx,.potm,.ppam,.sldx,.sldm,.onetoc,.onetoc2,.onetmp,.onepkg,.oxps,.xps,.odt,.odp,.ods,.odg,.odc,.odb,.odf,.wp,.wpd,.key,.numbers,.pages,.svgz,.redux\"><button id=\"forminator-field-upload-1_69f50baf4abe2_button\" class=\"forminator-button forminator-button-upload\" data-id=\"forminator-field-upload-1_69f50baf4abe2\">Choose File<\/button><span data-empty-text=\"No file chosen\">No file chosen<\/span><button class=\"forminator-button-delete\" style=\"display: none;\"><i class=\"forminator-icon-close\" aria-hidden=\"true\"><\/i><span class=\"forminator-screen-reader-only\">Delete uploaded file<\/span><\/button><\/div><\/div><\/div><\/div><div class=\"forminator-row\"><div id=\"captcha-1\" class=\"forminator-field-captcha forminator-col forminator-col-12 \"><div class=\"forminator-captcha-left forminator-g-recaptcha\" data-theme=\"light\"  data-sitekey=\"6LdgVJApAAAAADWXV6lpQLBXkzVe83egnq-8Hgpb\" data-size=\"normal\"><\/div> <\/div><\/div><input type=\"hidden\" name=\"referer_url\" value=\"\" \/><div class=\"forminator-row forminator-row-last\"><div class=\"forminator-col\"><div class=\"forminator-field\"><button class=\"forminator-button forminator-button-submit\"><span>Send<\/span><span aria-hidden=\"true\"><\/span><\/button><\/div><\/div><\/div><input type=\"hidden\" id=\"forminator_nonce\" name=\"forminator_nonce\" value=\"568a3c7fc2\" \/><input type=\"hidden\" name=\"_wp_http_referer\" value=\"\/en\/wp-json\/wp\/v2\/pages\/11172\" \/><input type=\"hidden\" name=\"form_id\" value=\"11200\"><input type=\"hidden\" name=\"page_id\" value=\"11172\"><input type=\"hidden\" name=\"form_type\" value=\"default\"><input type=\"hidden\" name=\"current_url\" value=\"https:\/\/fbispo.com.br\/en\/work-with-us\/\"><input type=\"hidden\" name=\"render_id\" value=\"0\"><input type=\"hidden\" name=\"action\" value=\"forminator_submit_form_custom-forms\"><\/form><\/div>\n\t\t\t\t\t\t<\/div>\n\t\t\t\t<\/div>\n\t\t\t\t\t<\/div>\n\t\t\t\t<\/div>\n\t\t\t\t<\/div>\n\t\t","protected":false},"excerpt":{"rendered":"<p>At FBISPO, we recognize that exceptional talent is the foundation of our success. If you&#8217;re passionate about accounting and looking for exciting opportunities in a collaborative environment, we want to meet you! Register your curriculum and join our talent pool. We are always looking for dedicated and motivated professionals to join our team. Your exciting [&hellip;]<\/p>\n","protected":false},"author":1,"featured_media":0,"parent":0,"menu_order":0,"comment_status":"closed","ping_status":"closed","template":"","meta":{"footnotes":""},"class_list":["post-11172","page","type-page","status-publish","hentry"],"yoast_head":"<!-- This site is optimized with the Yoast SEO plugin v25.3.1 - https:\/\/yoast.com\/wordpress\/plugins\/seo\/ -->\n<title>Work with us - FBispo<\/title>\n<meta name=\"description\" content=\"A FBispo \u00e9 um escrit\u00f3rio cont\u00e1bil que oferece servi\u00e7os personalizados de acordo com as necessidades dos clientes. Destacamo-nos com s\u00f3cios que acumulam mais de 40 anos de experi\u00eancia em contabilidade e consultoria\" \/>\n<meta name=\"robots\" content=\"index, follow, max-snippet:-1, max-image-preview:large, max-video-preview:-1\" \/>\n<link rel=\"canonical\" href=\"https:\/\/fbispo.com.br\/en\/work-with-us\/\" \/>\n<meta property=\"og:locale\" content=\"en_US\" \/>\n<meta property=\"og:type\" content=\"article\" \/>\n<meta property=\"og:title\" content=\"Work with us - FBispo\" \/>\n<meta property=\"og:description\" content=\"A FBispo \u00e9 um escrit\u00f3rio cont\u00e1bil que oferece servi\u00e7os personalizados de acordo com as necessidades dos clientes. Destacamo-nos com s\u00f3cios que acumulam mais de 40 anos de experi\u00eancia em contabilidade e consultoria\" \/>\n<meta property=\"og:url\" content=\"https:\/\/fbispo.com.br\/en\/work-with-us\/\" \/>\n<meta property=\"og:site_name\" content=\"FBispo\" \/>\n<meta property=\"article:modified_time\" content=\"2024-06-26T19:19:37+00:00\" \/>\n<meta property=\"og:image\" content=\"https:\/\/fbispo.com.br\/wp-content\/uploads\/2024\/03\/seo-fbispo.jpg\" \/>\n\t<meta property=\"og:image:width\" content=\"1200\" \/>\n\t<meta property=\"og:image:height\" content=\"630\" \/>\n\t<meta property=\"og:image:type\" content=\"image\/jpeg\" \/>\n<meta name=\"twitter:card\" content=\"summary_large_image\" \/>\n<meta name=\"twitter:label1\" content=\"Est. reading time\" \/>\n\t<meta name=\"twitter:data1\" content=\"1 minute\" \/>\n<script type=\"application\/ld+json\" class=\"yoast-schema-graph\">{\"@context\":\"https:\/\/schema.org\",\"@graph\":[{\"@type\":\"WebPage\",\"@id\":\"https:\/\/fbispo.com.br\/en\/work-with-us\/\",\"url\":\"https:\/\/fbispo.com.br\/en\/work-with-us\/\",\"name\":\"Work with us - FBispo\",\"isPartOf\":{\"@id\":\"https:\/\/fbispo.com.br\/en\/#website\"},\"datePublished\":\"2024-02-28T20:57:49+00:00\",\"dateModified\":\"2024-06-26T19:19:37+00:00\",\"description\":\"A FBispo \u00e9 um escrit\u00f3rio cont\u00e1bil que oferece servi\u00e7os personalizados de acordo com as necessidades dos clientes. Destacamo-nos com s\u00f3cios que acumulam mais de 40 anos de experi\u00eancia em contabilidade e consultoria\",\"breadcrumb\":{\"@id\":\"https:\/\/fbispo.com.br\/en\/work-with-us\/#breadcrumb\"},\"inLanguage\":\"en-US\",\"potentialAction\":[{\"@type\":\"ReadAction\",\"target\":[\"https:\/\/fbispo.com.br\/en\/work-with-us\/\"]}]},{\"@type\":\"BreadcrumbList\",\"@id\":\"https:\/\/fbispo.com.br\/en\/work-with-us\/#breadcrumb\",\"itemListElement\":[{\"@type\":\"ListItem\",\"position\":1,\"name\":\"In\u00edcio\",\"item\":\"https:\/\/fbispo.com.br\/en\/home\/\"},{\"@type\":\"ListItem\",\"position\":2,\"name\":\"Work with us\"}]},{\"@type\":\"WebSite\",\"@id\":\"https:\/\/fbispo.com.br\/en\/#website\",\"url\":\"https:\/\/fbispo.com.br\/en\/\",\"name\":\"FBispo\",\"description\":\"Escrit\u00f3rio Cont\u00e1bil\",\"publisher\":{\"@id\":\"https:\/\/fbispo.com.br\/en\/#organization\"},\"potentialAction\":[{\"@type\":\"SearchAction\",\"target\":{\"@type\":\"EntryPoint\",\"urlTemplate\":\"https:\/\/fbispo.com.br\/en\/?s={search_term_string}\"},\"query-input\":{\"@type\":\"PropertyValueSpecification\",\"valueRequired\":true,\"valueName\":\"search_term_string\"}}],\"inLanguage\":\"en-US\"},{\"@type\":\"Organization\",\"@id\":\"https:\/\/fbispo.com.br\/en\/#organization\",\"name\":\"FBispo\",\"alternateName\":\"Escrit\u00f3rio Cont\u00e1bil\",\"url\":\"https:\/\/fbispo.com.br\/en\/\",\"logo\":{\"@type\":\"ImageObject\",\"inLanguage\":\"en-US\",\"@id\":\"https:\/\/fbispo.com.br\/en\/#\/schema\/logo\/image\/\",\"url\":\"https:\/\/fbispo.com.br\/wp-content\/uploads\/2021\/10\/logo-fbispo.png\",\"contentUrl\":\"https:\/\/fbispo.com.br\/wp-content\/uploads\/2021\/10\/logo-fbispo.png\",\"width\":212,\"height\":73,\"caption\":\"FBispo\"},\"image\":{\"@id\":\"https:\/\/fbispo.com.br\/en\/#\/schema\/logo\/image\/\"},\"sameAs\":[\"https:\/\/br.linkedin.com\/company\/fbispo\"]}]}<\/script>\n<!-- \/ Yoast SEO plugin. -->","yoast_head_json":{"title":"Work with us - FBispo","description":"A FBispo \u00e9 um escrit\u00f3rio cont\u00e1bil que oferece servi\u00e7os personalizados de acordo com as necessidades dos clientes. Destacamo-nos com s\u00f3cios que acumulam mais de 40 anos de experi\u00eancia em contabilidade e consultoria","robots":{"index":"index","follow":"follow","max-snippet":"max-snippet:-1","max-image-preview":"max-image-preview:large","max-video-preview":"max-video-preview:-1"},"canonical":"https:\/\/fbispo.com.br\/en\/work-with-us\/","og_locale":"en_US","og_type":"article","og_title":"Work with us - FBispo","og_description":"A FBispo \u00e9 um escrit\u00f3rio cont\u00e1bil que oferece servi\u00e7os personalizados de acordo com as necessidades dos clientes. Destacamo-nos com s\u00f3cios que acumulam mais de 40 anos de experi\u00eancia em contabilidade e consultoria","og_url":"https:\/\/fbispo.com.br\/en\/work-with-us\/","og_site_name":"FBispo","article_modified_time":"2024-06-26T19:19:37+00:00","og_image":[{"width":1200,"height":630,"url":"https:\/\/fbispo.com.br\/wp-content\/uploads\/2024\/03\/seo-fbispo.jpg","type":"image\/jpeg"}],"twitter_card":"summary_large_image","twitter_misc":{"Est. reading time":"1 minute"},"schema":{"@context":"https:\/\/schema.org","@graph":[{"@type":"WebPage","@id":"https:\/\/fbispo.com.br\/en\/work-with-us\/","url":"https:\/\/fbispo.com.br\/en\/work-with-us\/","name":"Work with us - FBispo","isPartOf":{"@id":"https:\/\/fbispo.com.br\/en\/#website"},"datePublished":"2024-02-28T20:57:49+00:00","dateModified":"2024-06-26T19:19:37+00:00","description":"A FBispo \u00e9 um escrit\u00f3rio cont\u00e1bil que oferece servi\u00e7os personalizados de acordo com as necessidades dos clientes. Destacamo-nos com s\u00f3cios que acumulam mais de 40 anos de experi\u00eancia em contabilidade e consultoria","breadcrumb":{"@id":"https:\/\/fbispo.com.br\/en\/work-with-us\/#breadcrumb"},"inLanguage":"en-US","potentialAction":[{"@type":"ReadAction","target":["https:\/\/fbispo.com.br\/en\/work-with-us\/"]}]},{"@type":"BreadcrumbList","@id":"https:\/\/fbispo.com.br\/en\/work-with-us\/#breadcrumb","itemListElement":[{"@type":"ListItem","position":1,"name":"In\u00edcio","item":"https:\/\/fbispo.com.br\/en\/home\/"},{"@type":"ListItem","position":2,"name":"Work with us"}]},{"@type":"WebSite","@id":"https:\/\/fbispo.com.br\/en\/#website","url":"https:\/\/fbispo.com.br\/en\/","name":"FBispo","description":"Escrit\u00f3rio Cont\u00e1bil","publisher":{"@id":"https:\/\/fbispo.com.br\/en\/#organization"},"potentialAction":[{"@type":"SearchAction","target":{"@type":"EntryPoint","urlTemplate":"https:\/\/fbispo.com.br\/en\/?s={search_term_string}"},"query-input":{"@type":"PropertyValueSpecification","valueRequired":true,"valueName":"search_term_string"}}],"inLanguage":"en-US"},{"@type":"Organization","@id":"https:\/\/fbispo.com.br\/en\/#organization","name":"FBispo","alternateName":"Escrit\u00f3rio Cont\u00e1bil","url":"https:\/\/fbispo.com.br\/en\/","logo":{"@type":"ImageObject","inLanguage":"en-US","@id":"https:\/\/fbispo.com.br\/en\/#\/schema\/logo\/image\/","url":"https:\/\/fbispo.com.br\/wp-content\/uploads\/2021\/10\/logo-fbispo.png","contentUrl":"https:\/\/fbispo.com.br\/wp-content\/uploads\/2021\/10\/logo-fbispo.png","width":212,"height":73,"caption":"FBispo"},"image":{"@id":"https:\/\/fbispo.com.br\/en\/#\/schema\/logo\/image\/"},"sameAs":["https:\/\/br.linkedin.com\/company\/fbispo"]}]}},"_links":{"self":[{"href":"https:\/\/fbispo.com.br\/en\/wp-json\/wp\/v2\/pages\/11172","targetHints":{"allow":["GET"]}}],"collection":[{"href":"https:\/\/fbispo.com.br\/en\/wp-json\/wp\/v2\/pages"}],"about":[{"href":"https:\/\/fbispo.com.br\/en\/wp-json\/wp\/v2\/types\/page"}],"author":[{"embeddable":true,"href":"https:\/\/fbispo.com.br\/en\/wp-json\/wp\/v2\/users\/1"}],"replies":[{"embeddable":true,"href":"https:\/\/fbispo.com.br\/en\/wp-json\/wp\/v2\/comments?post=11172"}],"version-history":[{"count":0,"href":"https:\/\/fbispo.com.br\/en\/wp-json\/wp\/v2\/pages\/11172\/revisions"}],"wp:attachment":[{"href":"https:\/\/fbispo.com.br\/en\/wp-json\/wp\/v2\/media?parent=11172"}],"curies":[{"name":"wp","href":"https:\/\/api.w.org\/{rel}","templated":true}]}}